{"id":41,"date":"2016-06-14T20:52:30","date_gmt":"2016-06-14T20:52:30","guid":{"rendered":"http:\/\/www.bafraorencikasm.com\/?page_id=41"},"modified":"2024-09-04T12:50:44","modified_gmt":"2024-09-04T12:50:44","slug":"anasayfa","status":"publish","type":"page","link":"https:\/\/www.bafrakolayasm.com\/","title":{"rendered":"Anasayfa"},"content":{"rendered":"\n<p><iframe loading=\"lazy\" title=\"COVID-19&#039;dan korunmaya y\u00f6nelik tedbirler neden \u00f6nemlidir?\" width=\"900\" height=\"506\" src=\"https:\/\/www.youtube.com\/embed\/3HmMaZmk_c8?feature=oembed\" frameborder=\"0\" allow=\"accelerometer; autoplay; clipboard-write; encrypted-media; gyroscope; picture-in-picture; web-share\" referrerpolicy=\"strict-origin-when-cross-origin\" allowfullscreen><\/iframe><\/p>\n<p><iframe loading=\"lazy\" title=\"Maske, mesafe ve temizlik. Bu \u00fc\u00e7 tedbirde birle\u015felim.\" width=\"900\" height=\"506\" src=\"https:\/\/www.youtube.com\/embed\/qEFNYHtuXsQ?feature=oembed\" frameborder=\"0\" allow=\"accelerometer; autoplay; clipboard-write; encrypted-media; gyroscope; picture-in-picture; web-share\" referrerpolicy=\"strict-origin-when-cross-origin\" allowfullscreen><\/iframe><\/p>\n<p><iframe loading=\"lazy\" title=\"S\u0131rt\u0131mdaki Y\u00fck | Somun Ekmek\" width=\"900\" height=\"506\" src=\"https:\/\/www.youtube.com\/embed\/VNpaDA7Wa4g?feature=oembed\" frameborder=\"0\" allow=\"accelerometer; autoplay; clipboard-write; encrypted-media; gyroscope; picture-in-picture; web-share\" referrerpolicy=\"strict-origin-when-cross-origin\" allowfullscreen><\/iframe><\/p>\n<p><img loading=\"lazy\" decoding=\"async\" class=\"alignnone wp-image-347 size-full\" src=\"http:\/\/www.bafrakolayasm.com\/wp-content\/uploads\/2024\/06\/Screenshot_2.jpg\" alt=\"\" width=\"642\" height=\"224\" srcset=\"https:\/\/www.bafrakolayasm.com\/wp-content\/uploads\/2024\/06\/Screenshot_2.jpg 642w, https:\/\/www.bafrakolayasm.com\/wp-content\/uploads\/2024\/06\/Screenshot_2-300x105.jpg 300w\" sizes=\"auto, (max-width: 642px) 100vw, 642px\" \/><\/p>\n<div><a href=\"https:\/\/www.mhrs.gov.tr\/\" target=\"_blank\" rel=\"noopener\"><img loading=\"lazy\" decoding=\"async\" class=\"alignnone wp-image-328 size-full\" src=\"http:\/\/www.bafrakolayasm.com\/wp-content\/uploads\/2022\/06\/mhrs.jpg\" alt=\"\" width=\"191\" height=\"81\" \/><\/a> <a href=\"https:\/\/enabiz.gov.tr\/\" target=\"_blank\" rel=\"noopener\"><img loading=\"lazy\" decoding=\"async\" class=\"alignnone wp-image-344\" src=\"http:\/\/www.bafrakolayasm.com\/wp-content\/uploads\/2024\/06\/enabiz.jpg\" alt=\"\" width=\"186\" height=\"68\" \/><\/a>\u00a0\u00a0<a href=\"https:\/\/www.saglik.gov.tr\/\" target=\"_blank\" rel=\"noopener\"><img loading=\"lazy\" decoding=\"async\" class=\"alignnone wp-image-329\" src=\"http:\/\/www.bafrakolayasm.com\/wp-content\/uploads\/2022\/06\/sa\u011fl\u0131k-bakanl\u0131\u011f\u0131-300x136.jpg\" alt=\"\" width=\"154\" height=\"70\" srcset=\"https:\/\/www.bafrakolayasm.com\/wp-content\/uploads\/2022\/06\/sa\u011fl\u0131k-bakanl\u0131\u011f\u0131-300x136.jpg 300w, https:\/\/www.bafrakolayasm.com\/wp-content\/uploads\/2022\/06\/sa\u011fl\u0131k-bakanl\u0131\u011f\u0131.jpg 625w\" sizes=\"auto, (max-width: 154px) 100vw, 154px\" \/><\/a>\u00a0<a href=\"https:\/\/samsunism.saglik.gov.tr\/\" target=\"_blank\" rel=\"noopener\"><img loading=\"lazy\" decoding=\"async\" class=\"alignnone size-medium wp-image-330\" src=\"http:\/\/www.bafrakolayasm.com\/wp-content\/uploads\/2022\/06\/samsun-ism-300x63.jpg\" alt=\"\" width=\"300\" height=\"63\" srcset=\"https:\/\/www.bafrakolayasm.com\/wp-content\/uploads\/2022\/06\/samsun-ism-300x63.jpg 300w, https:\/\/www.bafrakolayasm.com\/wp-content\/uploads\/2022\/06\/samsun-ism.jpg 430w\" sizes=\"auto, (max-width: 300px) 100vw, 300px\" \/><\/a>\u00a0<a href=\"https:\/\/www.cimer.gov.tr\/\"><img loading=\"lazy\" decoding=\"async\" class=\"alignnone\" src=\"https:\/\/i0.wp.com\/www.cimer.gov.tr\/images\/cimer-logo-2.png?zoom=0.8999999761581421&amp;resize=422%2C84&amp;ssl=1\" srcset=\"https:\/\/i0.wp.com\/www.cimer.gov.tr\/images\/cimer-logo-2.png?zoom=0.8999999761581421&amp;resize=422%2C84&amp;ssl=1\" alt=\"\" width=\"305\" height=\"61\" \/><\/a><\/div>\n<div><a href=\"https:\/\/www.turkiye.gov.tr\/\" target=\"_blank\" rel=\"noopener\"><img loading=\"lazy\" decoding=\"async\" class=\"wp-image-332 aligncenter\" src=\"http:\/\/www.bafrakolayasm.com\/wp-content\/uploads\/2022\/06\/t\u00fcrkiye-300x84.jpg\" alt=\"\" width=\"221\" height=\"62\" srcset=\"https:\/\/www.bafrakolayasm.com\/wp-content\/uploads\/2022\/06\/t\u00fcrkiye-300x84.jpg 300w, https:\/\/www.bafrakolayasm.com\/wp-content\/uploads\/2022\/06\/t\u00fcrkiye.jpg 398w\" sizes=\"auto, (max-width: 221px) 100vw, 221px\" \/><\/a><\/div>\n","protected":false},"excerpt":{"rendered":"<p>\u00a0\u00a0\u00a0\u00a0<\/p>\n","protected":false},"author":1,"featured_media":0,"parent":0,"menu_order":0,"comment_status":"closed","ping_status":"closed","template":"","meta":{"footnotes":""},"class_list":["post-41","page","type-page","status-publish","hentry"],"yoast_head":"<!-- This site is optimized with the Yoast SEO plugin v25.9 - https:\/\/yoast.com\/wordpress\/plugins\/seo\/ -->\n<title>Bafra Kolay Aile Sa\u011fl\u0131\u011f\u0131 Merkezi<\/title>\n<meta name=\"description\" content=\"Samsun ili Bafra il\u00e7esi Kolay Aile Sa\u011fl\u0131\u011f\u0131 Merkezi resmi sitesidir. \u0130leti\u015fim bilgileri, duyurular ve resmi i\u015flemleri takip edebilirsiniz.\" \/>\n<meta name=\"robots\" content=\"index, follow, max-snippet:-1, max-image-preview:large, max-video-preview:-1\" \/>\n<link rel=\"canonical\" href=\"https:\/\/www.bafrakolayasm.com\/\" \/>\n<meta property=\"og:locale\" content=\"tr_TR\" \/>\n<meta property=\"og:type\" content=\"article\" \/>\n<meta property=\"og:title\" content=\"Bafra Kolay Aile Sa\u011fl\u0131\u011f\u0131 Merkezi\" \/>\n<meta property=\"og:description\" content=\"Samsun ili Bafra il\u00e7esi Kolay Aile Sa\u011fl\u0131\u011f\u0131 Merkezi resmi sitesidir. \u0130leti\u015fim bilgileri, duyurular ve resmi i\u015flemleri takip edebilirsiniz.\" \/>\n<meta property=\"og:url\" content=\"https:\/\/www.bafrakolayasm.com\/\" \/>\n<meta property=\"og:site_name\" content=\"Bafra Kolay Aile Sa\u011fl\u0131\u011f\u0131 Merkezi\" \/>\n<meta property=\"article:modified_time\" content=\"2024-09-04T12:50:44+00:00\" \/>\n<meta property=\"og:image\" content=\"http:\/\/www.bafrakolayasm.com\/wp-content\/uploads\/2024\/06\/Screenshot_2.jpg\" \/>\n<meta name=\"twitter:card\" content=\"summary_large_image\" \/>\n<meta name=\"twitter:label1\" content=\"Tahmini okuma s\u00fcresi\" \/>\n\t<meta name=\"twitter:data1\" content=\"2 dakika\" \/>\n<script type=\"application\/ld+json\" class=\"yoast-schema-graph\">{\"@context\":\"https:\/\/schema.org\",\"@graph\":[{\"@type\":\"WebPage\",\"@id\":\"https:\/\/www.bafrakolayasm.com\/\",\"url\":\"https:\/\/www.bafrakolayasm.com\/\",\"name\":\"Bafra Kolay Aile Sa\u011fl\u0131\u011f\u0131 Merkezi\",\"isPartOf\":{\"@id\":\"https:\/\/www.bafrakolayasm.com\/#website\"},\"primaryImageOfPage\":{\"@id\":\"https:\/\/www.bafrakolayasm.com\/#primaryimage\"},\"image\":{\"@id\":\"https:\/\/www.bafrakolayasm.com\/#primaryimage\"},\"thumbnailUrl\":\"http:\/\/www.bafrakolayasm.com\/wp-content\/uploads\/2024\/06\/Screenshot_2.jpg\",\"datePublished\":\"2016-06-14T20:52:30+00:00\",\"dateModified\":\"2024-09-04T12:50:44+00:00\",\"description\":\"Samsun ili Bafra il\u00e7esi Kolay Aile Sa\u011fl\u0131\u011f\u0131 Merkezi resmi sitesidir. \u0130leti\u015fim bilgileri, duyurular ve resmi i\u015flemleri takip edebilirsiniz.\",\"breadcrumb\":{\"@id\":\"https:\/\/www.bafrakolayasm.com\/#breadcrumb\"},\"inLanguage\":\"tr\",\"potentialAction\":[{\"@type\":\"ReadAction\",\"target\":[\"https:\/\/www.bafrakolayasm.com\/\"]}]},{\"@type\":\"ImageObject\",\"inLanguage\":\"tr\",\"@id\":\"https:\/\/www.bafrakolayasm.com\/#primaryimage\",\"url\":\"https:\/\/www.bafrakolayasm.com\/wp-content\/uploads\/2024\/06\/Screenshot_2.jpg\",\"contentUrl\":\"https:\/\/www.bafrakolayasm.com\/wp-content\/uploads\/2024\/06\/Screenshot_2.jpg\",\"width\":642,\"height\":224},{\"@type\":\"BreadcrumbList\",\"@id\":\"https:\/\/www.bafrakolayasm.com\/#breadcrumb\",\"itemListElement\":[{\"@type\":\"ListItem\",\"position\":1,\"name\":\"Anasayfa\",\"item\":\"https:\/\/www.bafrakolayasm.com\/\"},{\"@type\":\"ListItem\",\"position\":2,\"name\":\"Anasayfa\"}]},{\"@type\":\"WebSite\",\"@id\":\"https:\/\/www.bafrakolayasm.com\/#website\",\"url\":\"https:\/\/www.bafrakolayasm.com\/\",\"name\":\"Bafra Kolay Aile Sa\u011fl\u0131\u011f\u0131 Merkezi\",\"description\":\"Samsun Bafra Kolay ASM\",\"potentialAction\":[{\"@type\":\"SearchAction\",\"target\":{\"@type\":\"EntryPoint\",\"urlTemplate\":\"https:\/\/www.bafrakolayasm.com\/?s={search_term_string}\"},\"query-input\":{\"@type\":\"PropertyValueSpecification\",\"valueRequired\":true,\"valueName\":\"search_term_string\"}}],\"inLanguage\":\"tr\"}]}<\/script>\n<!-- \/ Yoast SEO plugin. -->","yoast_head_json":{"title":"Bafra Kolay Aile Sa\u011fl\u0131\u011f\u0131 Merkezi","description":"Samsun ili Bafra il\u00e7esi Kolay Aile Sa\u011fl\u0131\u011f\u0131 Merkezi resmi sitesidir. \u0130leti\u015fim bilgileri, duyurular ve resmi i\u015flemleri takip edebilirsiniz.","robots":{"index":"index","follow":"follow","max-snippet":"max-snippet:-1","max-image-preview":"max-image-preview:large","max-video-preview":"max-video-preview:-1"},"canonical":"https:\/\/www.bafrakolayasm.com\/","og_locale":"tr_TR","og_type":"article","og_title":"Bafra Kolay Aile Sa\u011fl\u0131\u011f\u0131 Merkezi","og_description":"Samsun ili Bafra il\u00e7esi Kolay Aile Sa\u011fl\u0131\u011f\u0131 Merkezi resmi sitesidir. \u0130leti\u015fim bilgileri, duyurular ve resmi i\u015flemleri takip edebilirsiniz.","og_url":"https:\/\/www.bafrakolayasm.com\/","og_site_name":"Bafra Kolay Aile Sa\u011fl\u0131\u011f\u0131 Merkezi","article_modified_time":"2024-09-04T12:50:44+00:00","og_image":[{"url":"http:\/\/www.bafrakolayasm.com\/wp-content\/uploads\/2024\/06\/Screenshot_2.jpg","type":"","width":"","height":""}],"twitter_card":"summary_large_image","twitter_misc":{"Tahmini okuma s\u00fcresi":"2 dakika"},"schema":{"@context":"https:\/\/schema.org","@graph":[{"@type":"WebPage","@id":"https:\/\/www.bafrakolayasm.com\/","url":"https:\/\/www.bafrakolayasm.com\/","name":"Bafra Kolay Aile Sa\u011fl\u0131\u011f\u0131 Merkezi","isPartOf":{"@id":"https:\/\/www.bafrakolayasm.com\/#website"},"primaryImageOfPage":{"@id":"https:\/\/www.bafrakolayasm.com\/#primaryimage"},"image":{"@id":"https:\/\/www.bafrakolayasm.com\/#primaryimage"},"thumbnailUrl":"http:\/\/www.bafrakolayasm.com\/wp-content\/uploads\/2024\/06\/Screenshot_2.jpg","datePublished":"2016-06-14T20:52:30+00:00","dateModified":"2024-09-04T12:50:44+00:00","description":"Samsun ili Bafra il\u00e7esi Kolay Aile Sa\u011fl\u0131\u011f\u0131 Merkezi resmi sitesidir. \u0130leti\u015fim bilgileri, duyurular ve resmi i\u015flemleri takip edebilirsiniz.","breadcrumb":{"@id":"https:\/\/www.bafrakolayasm.com\/#breadcrumb"},"inLanguage":"tr","potentialAction":[{"@type":"ReadAction","target":["https:\/\/www.bafrakolayasm.com\/"]}]},{"@type":"ImageObject","inLanguage":"tr","@id":"https:\/\/www.bafrakolayasm.com\/#primaryimage","url":"https:\/\/www.bafrakolayasm.com\/wp-content\/uploads\/2024\/06\/Screenshot_2.jpg","contentUrl":"https:\/\/www.bafrakolayasm.com\/wp-content\/uploads\/2024\/06\/Screenshot_2.jpg","width":642,"height":224},{"@type":"BreadcrumbList","@id":"https:\/\/www.bafrakolayasm.com\/#breadcrumb","itemListElement":[{"@type":"ListItem","position":1,"name":"Anasayfa","item":"https:\/\/www.bafrakolayasm.com\/"},{"@type":"ListItem","position":2,"name":"Anasayfa"}]},{"@type":"WebSite","@id":"https:\/\/www.bafrakolayasm.com\/#website","url":"https:\/\/www.bafrakolayasm.com\/","name":"Bafra Kolay Aile Sa\u011fl\u0131\u011f\u0131 Merkezi","description":"Samsun Bafra Kolay ASM","potentialAction":[{"@type":"SearchAction","target":{"@type":"EntryPoint","urlTemplate":"https:\/\/www.bafrakolayasm.com\/?s={search_term_string}"},"query-input":{"@type":"PropertyValueSpecification","valueRequired":true,"valueName":"search_term_string"}}],"inLanguage":"tr"}]}},"_links":{"self":[{"href":"https:\/\/www.bafrakolayasm.com\/index.php?rest_route=\/wp\/v2\/pages\/41","targetHints":{"allow":["GET"]}}],"collection":[{"href":"https:\/\/www.bafrakolayasm.com\/index.php?rest_route=\/wp\/v2\/pages"}],"about":[{"href":"https:\/\/www.bafrakolayasm.com\/index.php?rest_route=\/wp\/v2\/types\/page"}],"author":[{"embeddable":true,"href":"https:\/\/www.bafrakolayasm.com\/index.php?rest_route=\/wp\/v2\/users\/1"}],"replies":[{"embeddable":true,"href":"https:\/\/www.bafrakolayasm.com\/index.php?rest_route=%2Fwp%2Fv2%2Fcomments&post=41"}],"version-history":[{"count":30,"href":"https:\/\/www.bafrakolayasm.com\/index.php?rest_route=\/wp\/v2\/pages\/41\/revisions"}],"predecessor-version":[{"id":348,"href":"https:\/\/www.bafrakolayasm.com\/index.php?rest_route=\/wp\/v2\/pages\/41\/revisions\/348"}],"wp:attachment":[{"href":"https:\/\/www.bafrakolayasm.com\/index.php?rest_route=%2Fwp%2Fv2%2Fmedia&parent=41"}],"curies":[{"name":"wp","href":"https:\/\/api.w.org\/{rel}","templated":true}]}}