{"id":21,"date":"2016-06-14T19:58:50","date_gmt":"2016-06-14T19:58:50","guid":{"rendered":"http:\/\/www.bafraorencikasm.com\/?page_id=21"},"modified":"2024-04-18T10:30:54","modified_gmt":"2024-04-18T10:30:54","slug":"iletisim","status":"publish","type":"page","link":"https:\/\/www.bafrakolayasm.com\/?page_id=21","title":{"rendered":"\u0130leti\u015fim"},"content":{"rendered":"<p><iframe loading=\"lazy\" style=\"border: 0;\" src=\"https:\/\/www.google.com\/maps\/embed?pb=!1m18!1m12!1m3!1d406.5426154644479!2d35.80291022987142!3d41.41735661024735!2m3!1f0!2f0!3f0!3m2!1i1024!2i768!4f13.1!3m3!1m2!1s0x408626de02fc5a57%3A0x5e6f5ac960ecfb7f!2sKolay+Aile+Sa%C4%9Fl%C4%B1k+Merkezi!5e1!3m2!1str!2str!4v1506253847829\" width=\"600\" height=\"450\" frameborder=\"0\" allowfullscreen=\"allowfullscreen\"><\/iframe><\/p>\n<p>&nbsp;<\/p>\n<p>&nbsp;<\/p>\n<table style=\"height: 154px;\" width=\"859\" cellspacing=\"0\" cellpadding=\"4\">\n<colgroup>\n<col width=\"105\" \/>\n<col width=\"89\" \/>\n<col width=\"99\" \/>\n<col width=\"99\" \/>\n<col width=\"99\" \/>\n<col width=\"96\" \/> <\/colgroup>\n<tbody>\n<tr valign=\"top\">\n<td style=\"background: #99ffff;\" bgcolor=\"#99ffff\" width=\"105\"><\/td>\n<td style=\"background: #99ffff;\" bgcolor=\"#99ffff\" width=\"89\"><span style=\"color: #0066cc;\">PAZARTES\u0130<\/span><\/td>\n<td style=\"background: #99ffff;\" bgcolor=\"#99ffff\" width=\"99\"><span style=\"color: #0066cc;\">SALI<\/span><\/td>\n<td style=\"background: #99ffff;\" bgcolor=\"#99ffff\" width=\"99\"><span style=\"color: #0066cc;\">\u00c7AR\u015eAMBA<\/span><\/td>\n<td style=\"background: #99ffff;\" bgcolor=\"#99ffff\" width=\"99\"><span style=\"color: #0066cc;\">PER\u015eEMBE<\/span><\/td>\n<td style=\"background: #99ffff;\" bgcolor=\"#99ffff\" width=\"96\"><span style=\"color: #0066cc;\">CUMA<\/span><\/td>\n<\/tr>\n<tr valign=\"top\">\n<td style=\"background: #99ffff;\" bgcolor=\"#99ffff\" width=\"105\"><span style=\"color: #0066cc;\">HEK\u0130M <\/span><\/p>\n<p><span style=\"color: #0066cc;\">DR. EMRE ALKAN<\/span><\/td>\n<td style=\"background: #99ffff;\" bgcolor=\"#99ffff\" width=\"89\"><span style=\"color: #0066cc;\">8.00-17.00<\/span><\/td>\n<td style=\"background: #99ffff;\" bgcolor=\"#99ffff\" width=\"99\"><span style=\"color: #0066cc;\">8.00-17.00<\/span><\/td>\n<td style=\"background: #99ffff;\" bgcolor=\"#99ffff\" width=\"99\"><\/td>\n<td style=\"background: #99ffff;\" bgcolor=\"#99ffff\" width=\"99\"><span style=\"color: #0066cc;\">8.00-17.00<\/span><\/td>\n<td style=\"background: #99ffff;\" bgcolor=\"#99ffff\" width=\"96\"><span style=\"color: #000099;\">DANI\u015eINIZ<\/span><\/td>\n<\/tr>\n<\/tbody>\n<\/table>\n<p>&nbsp;<\/p>\n<table class=\"table table-hover table-bordered\" width=\"100%\">\n<tbody>\n<tr>\n<td><a href=\"http:\/\/www.bafrakolayasm.com\/\">KOLAY ASM<\/a><\/td>\n<td>5505037<\/td>\n<td>DR. EMRE ALKAN<\/td>\n<td>A.S.E.<\/td>\n<td>0362 548 13 10<\/td>\n<td>KOLAY BELDES\u0130<\/td>\n<\/tr>\n<\/tbody>\n<\/table>\n<table id=\"tsmler\" class=\"display dataTable no-footer\" role=\"grid\" width=\"100%\" cellspacing=\"0\" aria-describedby=\"tsmler_info\">\n<tbody>\n<tr class=\"even\" role=\"row\">\n<td class=\"sorting_1\"><a href=\"http:\/\/www.bafraism.saglik.gov.tr\/\">BAFRA \u0130SM<\/a><\/td>\n<td>DR. AYTA\u00c7 AKIN<\/td>\n<td>03625437642 &#8211; 03625434631<\/td>\n<\/tr>\n<\/tbody>\n<\/table>\n<address>\u00a0<\/address>\n<address>\u00a0<\/address>\n<address>\n<div class=\"col-lg-4\">\n<address>\n<h3 class=\"r\"><a href=\"http:\/\/www.samsun.saglik.gov.tr\/\">Samsun \u0130l Sa\u011fl\u0131k M\u00fcd\u00fcrl\u00fc\u011f\u00fc<\/a><\/h3>\n<\/address>\n<\/div>\n<\/address>\n<div class=\"col-lg-4\">\n<address>\n<table class=\" alignleft\" width=\"404\" align=\"center\">\n<tbody>\n<tr>\n<td>\u00a0<strong>A BLOK<\/strong><\/td>\n<td><\/td>\n<td>\u00a0<strong>B BLOK<\/strong><\/td>\n<\/tr>\n<tr>\n<td>\u00a0<strong>Telefon : \u00a0\u00a0\u00a0<\/strong>(0362) 311 25 00<\/td>\n<td><\/td>\n<td>\u00a0<strong>Telefon :<\/strong>\u00a0\u00a0\u00a0\u00a0(0362) 239 00 40<\/td>\n<\/tr>\n<tr>\n<td>\u00a0<strong>Faks\u00a0\u00a0\u00a0\u00a0 :<\/strong>\u00a0\u00a0\u00a0\u00a0(0362) 311 25 08<\/td>\n<td><\/td>\n<td>\u00a0<strong>Faks \u00a0\u00a0\u00a0 :<\/strong>\u00a0\u00a0\u00a0\u00a0\u00a0(0362) 239 00 55<\/td>\n<\/tr>\n<\/tbody>\n<\/table>\n<p>&nbsp;<\/p>\n<p>&nbsp;<\/p>\n<p>&nbsp;<\/p>\n<p>&nbsp;<\/p>\n<p>&nbsp;<\/p>\n<p><strong>E-Posta :<\/strong>\u00a0<a href=\"mailto:samsun@saglik.gov.tr\">samsun@saglik.gov.tr<\/a><br \/>\n<strong>Adres :<\/strong>\u00a0Adalet Mahallesi 100. Y\u0131l Bulvar\u0131 No:232 \u0130LKADIM\/SAMSUN<\/p>\n<\/address>\n<\/div>\n<div class=\"col-lg-4\"><\/div>\n","protected":false},"excerpt":{"rendered":"<p>&nbsp; &nbsp; PAZARTES\u0130 SALI \u00c7AR\u015eAMBA PER\u015eEMBE CUMA HEK\u0130M DR. EMRE ALKAN 8.00-17.00 8.00-17.00 8.00-17.00 DANI\u015eINIZ &nbsp; KOLAY ASM 5505037 DR. EMRE ALKAN A.S.E. 0362 548 13 10 KOLAY BELDES\u0130 BAFRA \u0130SM DR. AYTA\u00c7 AKIN 03625437642 &#8211; 03625434631 \u00a0 \u00a0 Samsun \u0130l Sa\u011fl\u0131k M\u00fcd\u00fcrl\u00fc\u011f\u00fc \u00a0A BLOK \u00a0B BLOK \u00a0Telefon : \u00a0\u00a0\u00a0(0362) 311 25 00 \u00a0Telefon :\u00a0\u00a0\u00a0\u00a0(0362) [&hellip;]<\/p>\n","protected":false},"author":1,"featured_media":0,"parent":0,"menu_order":0,"comment_status":"closed","ping_status":"closed","template":"","meta":{"footnotes":""},"class_list":["post-21","page","type-page","status-publish","hentry"],"yoast_head":"<!-- This site is optimized with the Yoast SEO plugin v25.9 - https:\/\/yoast.com\/wordpress\/plugins\/seo\/ -->\n<title>\u0130leti\u015fim - Bafra Kolay Aile Sa\u011fl\u0131\u011f\u0131 Merkezi<\/title>\n<meta name=\"robots\" content=\"index, follow, max-snippet:-1, max-image-preview:large, max-video-preview:-1\" \/>\n<link rel=\"canonical\" href=\"https:\/\/www.bafrakolayasm.com\/?page_id=21\" \/>\n<meta property=\"og:locale\" content=\"tr_TR\" \/>\n<meta property=\"og:type\" content=\"article\" \/>\n<meta property=\"og:title\" content=\"\u0130leti\u015fim - Bafra Kolay Aile Sa\u011fl\u0131\u011f\u0131 Merkezi\" \/>\n<meta property=\"og:description\" content=\"&nbsp; &nbsp; PAZARTES\u0130 SALI \u00c7AR\u015eAMBA PER\u015eEMBE CUMA HEK\u0130M DR. EMRE ALKAN 8.00-17.00 8.00-17.00 8.00-17.00 DANI\u015eINIZ &nbsp; KOLAY ASM 5505037 DR. EMRE ALKAN A.S.E. 0362 548 13 10 KOLAY BELDES\u0130 BAFRA \u0130SM DR. AYTA\u00c7 AKIN 03625437642 &#8211; 03625434631 \u00a0 \u00a0 Samsun \u0130l Sa\u011fl\u0131k M\u00fcd\u00fcrl\u00fc\u011f\u00fc \u00a0A BLOK \u00a0B BLOK \u00a0Telefon : \u00a0\u00a0\u00a0(0362) 311 25 00 \u00a0Telefon :\u00a0\u00a0\u00a0\u00a0(0362) [&hellip;]\" \/>\n<meta property=\"og:url\" content=\"https:\/\/www.bafrakolayasm.com\/?page_id=21\" \/>\n<meta property=\"og:site_name\" content=\"Bafra Kolay Aile Sa\u011fl\u0131\u011f\u0131 Merkezi\" \/>\n<meta property=\"article:modified_time\" content=\"2024-04-18T10:30:54+00:00\" \/>\n<meta name=\"twitter:card\" content=\"summary_large_image\" \/>\n<script type=\"application\/ld+json\" class=\"yoast-schema-graph\">{\"@context\":\"https:\/\/schema.org\",\"@graph\":[{\"@type\":\"WebPage\",\"@id\":\"https:\/\/www.bafrakolayasm.com\/?page_id=21\",\"url\":\"https:\/\/www.bafrakolayasm.com\/?page_id=21\",\"name\":\"\u0130leti\u015fim - Bafra Kolay Aile Sa\u011fl\u0131\u011f\u0131 Merkezi\",\"isPartOf\":{\"@id\":\"https:\/\/www.bafrakolayasm.com\/#website\"},\"datePublished\":\"2016-06-14T19:58:50+00:00\",\"dateModified\":\"2024-04-18T10:30:54+00:00\",\"breadcrumb\":{\"@id\":\"https:\/\/www.bafrakolayasm.com\/?page_id=21#breadcrumb\"},\"inLanguage\":\"tr\",\"potentialAction\":[{\"@type\":\"ReadAction\",\"target\":[\"https:\/\/www.bafrakolayasm.com\/?page_id=21\"]}]},{\"@type\":\"BreadcrumbList\",\"@id\":\"https:\/\/www.bafrakolayasm.com\/?page_id=21#breadcrumb\",\"itemListElement\":[{\"@type\":\"ListItem\",\"position\":1,\"name\":\"Anasayfa\",\"item\":\"https:\/\/www.bafrakolayasm.com\/\"},{\"@type\":\"ListItem\",\"position\":2,\"name\":\"\u0130leti\u015fim\"}]},{\"@type\":\"WebSite\",\"@id\":\"https:\/\/www.bafrakolayasm.com\/#website\",\"url\":\"https:\/\/www.bafrakolayasm.com\/\",\"name\":\"Bafra Kolay Aile Sa\u011fl\u0131\u011f\u0131 Merkezi\",\"description\":\"Samsun Bafra Kolay ASM\",\"potentialAction\":[{\"@type\":\"SearchAction\",\"target\":{\"@type\":\"EntryPoint\",\"urlTemplate\":\"https:\/\/www.bafrakolayasm.com\/?s={search_term_string}\"},\"query-input\":{\"@type\":\"PropertyValueSpecification\",\"valueRequired\":true,\"valueName\":\"search_term_string\"}}],\"inLanguage\":\"tr\"}]}<\/script>\n<!-- \/ Yoast SEO plugin. -->","yoast_head_json":{"title":"\u0130leti\u015fim - Bafra Kolay Aile Sa\u011fl\u0131\u011f\u0131 Merkezi","robots":{"index":"index","follow":"follow","max-snippet":"max-snippet:-1","max-image-preview":"max-image-preview:large","max-video-preview":"max-video-preview:-1"},"canonical":"https:\/\/www.bafrakolayasm.com\/?page_id=21","og_locale":"tr_TR","og_type":"article","og_title":"\u0130leti\u015fim - Bafra Kolay Aile Sa\u011fl\u0131\u011f\u0131 Merkezi","og_description":"&nbsp; &nbsp; PAZARTES\u0130 SALI \u00c7AR\u015eAMBA PER\u015eEMBE CUMA HEK\u0130M DR. EMRE ALKAN 8.00-17.00 8.00-17.00 8.00-17.00 DANI\u015eINIZ &nbsp; KOLAY ASM 5505037 DR. EMRE ALKAN A.S.E. 0362 548 13 10 KOLAY BELDES\u0130 BAFRA \u0130SM DR. AYTA\u00c7 AKIN 03625437642 &#8211; 03625434631 \u00a0 \u00a0 Samsun \u0130l Sa\u011fl\u0131k M\u00fcd\u00fcrl\u00fc\u011f\u00fc \u00a0A BLOK \u00a0B BLOK \u00a0Telefon : \u00a0\u00a0\u00a0(0362) 311 25 00 \u00a0Telefon :\u00a0\u00a0\u00a0\u00a0(0362) [&hellip;]","og_url":"https:\/\/www.bafrakolayasm.com\/?page_id=21","og_site_name":"Bafra Kolay Aile Sa\u011fl\u0131\u011f\u0131 Merkezi","article_modified_time":"2024-04-18T10:30:54+00:00","twitter_card":"summary_large_image","schema":{"@context":"https:\/\/schema.org","@graph":[{"@type":"WebPage","@id":"https:\/\/www.bafrakolayasm.com\/?page_id=21","url":"https:\/\/www.bafrakolayasm.com\/?page_id=21","name":"\u0130leti\u015fim - Bafra Kolay Aile Sa\u011fl\u0131\u011f\u0131 Merkezi","isPartOf":{"@id":"https:\/\/www.bafrakolayasm.com\/#website"},"datePublished":"2016-06-14T19:58:50+00:00","dateModified":"2024-04-18T10:30:54+00:00","breadcrumb":{"@id":"https:\/\/www.bafrakolayasm.com\/?page_id=21#breadcrumb"},"inLanguage":"tr","potentialAction":[{"@type":"ReadAction","target":["https:\/\/www.bafrakolayasm.com\/?page_id=21"]}]},{"@type":"BreadcrumbList","@id":"https:\/\/www.bafrakolayasm.com\/?page_id=21#breadcrumb","itemListElement":[{"@type":"ListItem","position":1,"name":"Anasayfa","item":"https:\/\/www.bafrakolayasm.com\/"},{"@type":"ListItem","position":2,"name":"\u0130leti\u015fim"}]},{"@type":"WebSite","@id":"https:\/\/www.bafrakolayasm.com\/#website","url":"https:\/\/www.bafrakolayasm.com\/","name":"Bafra Kolay Aile Sa\u011fl\u0131\u011f\u0131 Merkezi","description":"Samsun Bafra Kolay ASM","potentialAction":[{"@type":"SearchAction","target":{"@type":"EntryPoint","urlTemplate":"https:\/\/www.bafrakolayasm.com\/?s={search_term_string}"},"query-input":{"@type":"PropertyValueSpecification","valueRequired":true,"valueName":"search_term_string"}}],"inLanguage":"tr"}]}},"_links":{"self":[{"href":"https:\/\/www.bafrakolayasm.com\/index.php?rest_route=\/wp\/v2\/pages\/21","targetHints":{"allow":["GET"]}}],"collection":[{"href":"https:\/\/www.bafrakolayasm.com\/index.php?rest_route=\/wp\/v2\/pages"}],"about":[{"href":"https:\/\/www.bafrakolayasm.com\/index.php?rest_route=\/wp\/v2\/types\/page"}],"author":[{"embeddable":true,"href":"https:\/\/www.bafrakolayasm.com\/index.php?rest_route=\/wp\/v2\/users\/1"}],"replies":[{"embeddable":true,"href":"https:\/\/www.bafrakolayasm.com\/index.php?rest_route=%2Fwp%2Fv2%2Fcomments&post=21"}],"version-history":[{"count":24,"href":"https:\/\/www.bafrakolayasm.com\/index.php?rest_route=\/wp\/v2\/pages\/21\/revisions"}],"predecessor-version":[{"id":341,"href":"https:\/\/www.bafrakolayasm.com\/index.php?rest_route=\/wp\/v2\/pages\/21\/revisions\/341"}],"wp:attachment":[{"href":"https:\/\/www.bafrakolayasm.com\/index.php?rest_route=%2Fwp%2Fv2%2Fmedia&parent=21"}],"curies":[{"name":"wp","href":"https:\/\/api.w.org\/{rel}","templated":true}]}}