{"id":101,"date":"2017-09-19T17:03:33","date_gmt":"2017-09-19T17:03:33","guid":{"rendered":"http:\/\/www.bafrakolayasm.com\/?page_id=101"},"modified":"2024-04-02T07:45:55","modified_gmt":"2024-04-02T07:45:55","slug":"kadromuz","status":"publish","type":"page","link":"https:\/\/www.bafrakolayasm.com\/?page_id=101","title":{"rendered":"KADROMUZ"},"content":{"rendered":"<h2>HEK\u0130M<\/h2>\n<p>Dr. Emre ALKAN<\/p>\n<p>&nbsp;<\/p>\n<p><img loading=\"lazy\" decoding=\"async\" class=\"alignnone size-medium wp-image-337\" src=\"https:\/\/www.bafrakolayasm.com\/wp-content\/uploads\/2024\/04\/IMG_4696-221x300.jpeg\" alt=\"\" width=\"221\" height=\"300\" srcset=\"https:\/\/www.bafrakolayasm.com\/wp-content\/uploads\/2024\/04\/IMG_4696-221x300.jpeg 221w, https:\/\/www.bafrakolayasm.com\/wp-content\/uploads\/2024\/04\/IMG_4696-755x1024.jpeg 755w, https:\/\/www.bafrakolayasm.com\/wp-content\/uploads\/2024\/04\/IMG_4696-768x1042.jpeg 768w, https:\/\/www.bafrakolayasm.com\/wp-content\/uploads\/2024\/04\/IMG_4696.jpeg 992w\" sizes=\"auto, (max-width: 221px) 100vw, 221px\" \/><\/p>\n<p>&nbsp;<\/p>\n<h3>A.S.E.<\/h3>\n<p>&#8212;<\/p>\n","protected":false},"excerpt":{"rendered":"<p>HEK\u0130M Dr. Emre ALKAN &nbsp; &nbsp; A.S.E. &#8212;<\/p>\n","protected":false},"author":2,"featured_media":0,"parent":0,"menu_order":0,"comment_status":"closed","ping_status":"closed","template":"","meta":{"footnotes":""},"class_list":["post-101","page","type-page","status-publish","hentry"],"yoast_head":"<!-- This site is optimized with the Yoast SEO plugin v25.9 - https:\/\/yoast.com\/wordpress\/plugins\/seo\/ -->\n<title>KADROMUZ - Bafra Kolay Aile Sa\u011fl\u0131\u011f\u0131 Merkezi<\/title>\n<meta name=\"robots\" content=\"index, follow, max-snippet:-1, max-image-preview:large, max-video-preview:-1\" \/>\n<link rel=\"canonical\" href=\"https:\/\/www.bafrakolayasm.com\/?page_id=101\" \/>\n<meta property=\"og:locale\" content=\"tr_TR\" \/>\n<meta property=\"og:type\" content=\"article\" \/>\n<meta property=\"og:title\" content=\"KADROMUZ - Bafra Kolay Aile Sa\u011fl\u0131\u011f\u0131 Merkezi\" \/>\n<meta property=\"og:description\" content=\"HEK\u0130M Dr. Emre ALKAN &nbsp; &nbsp; A.S.E. &#8212;\" \/>\n<meta property=\"og:url\" content=\"https:\/\/www.bafrakolayasm.com\/?page_id=101\" \/>\n<meta property=\"og:site_name\" content=\"Bafra Kolay Aile Sa\u011fl\u0131\u011f\u0131 Merkezi\" \/>\n<meta property=\"article:modified_time\" content=\"2024-04-02T07:45:55+00:00\" \/>\n<meta property=\"og:image\" content=\"https:\/\/www.bafrakolayasm.com\/wp-content\/uploads\/2024\/04\/IMG_4696-221x300.jpeg\" \/>\n<meta name=\"twitter:card\" content=\"summary_large_image\" \/>\n<script type=\"application\/ld+json\" class=\"yoast-schema-graph\">{\"@context\":\"https:\/\/schema.org\",\"@graph\":[{\"@type\":\"WebPage\",\"@id\":\"https:\/\/www.bafrakolayasm.com\/?page_id=101\",\"url\":\"https:\/\/www.bafrakolayasm.com\/?page_id=101\",\"name\":\"KADROMUZ - Bafra Kolay Aile Sa\u011fl\u0131\u011f\u0131 Merkezi\",\"isPartOf\":{\"@id\":\"https:\/\/www.bafrakolayasm.com\/#website\"},\"primaryImageOfPage\":{\"@id\":\"https:\/\/www.bafrakolayasm.com\/?page_id=101#primaryimage\"},\"image\":{\"@id\":\"https:\/\/www.bafrakolayasm.com\/?page_id=101#primaryimage\"},\"thumbnailUrl\":\"https:\/\/www.bafrakolayasm.com\/wp-content\/uploads\/2024\/04\/IMG_4696-221x300.jpeg\",\"datePublished\":\"2017-09-19T17:03:33+00:00\",\"dateModified\":\"2024-04-02T07:45:55+00:00\",\"breadcrumb\":{\"@id\":\"https:\/\/www.bafrakolayasm.com\/?page_id=101#breadcrumb\"},\"inLanguage\":\"tr\",\"potentialAction\":[{\"@type\":\"ReadAction\",\"target\":[\"https:\/\/www.bafrakolayasm.com\/?page_id=101\"]}]},{\"@type\":\"ImageObject\",\"inLanguage\":\"tr\",\"@id\":\"https:\/\/www.bafrakolayasm.com\/?page_id=101#primaryimage\",\"url\":\"https:\/\/www.bafrakolayasm.com\/wp-content\/uploads\/2024\/04\/IMG_4696.jpeg\",\"contentUrl\":\"https:\/\/www.bafrakolayasm.com\/wp-content\/uploads\/2024\/04\/IMG_4696.jpeg\",\"width\":992,\"height\":1346},{\"@type\":\"BreadcrumbList\",\"@id\":\"https:\/\/www.bafrakolayasm.com\/?page_id=101#breadcrumb\",\"itemListElement\":[{\"@type\":\"ListItem\",\"position\":1,\"name\":\"Anasayfa\",\"item\":\"https:\/\/www.bafrakolayasm.com\/\"},{\"@type\":\"ListItem\",\"position\":2,\"name\":\"KADROMUZ\"}]},{\"@type\":\"WebSite\",\"@id\":\"https:\/\/www.bafrakolayasm.com\/#website\",\"url\":\"https:\/\/www.bafrakolayasm.com\/\",\"name\":\"Bafra Kolay Aile Sa\u011fl\u0131\u011f\u0131 Merkezi\",\"description\":\"Samsun Bafra Kolay ASM\",\"potentialAction\":[{\"@type\":\"SearchAction\",\"target\":{\"@type\":\"EntryPoint\",\"urlTemplate\":\"https:\/\/www.bafrakolayasm.com\/?s={search_term_string}\"},\"query-input\":{\"@type\":\"PropertyValueSpecification\",\"valueRequired\":true,\"valueName\":\"search_term_string\"}}],\"inLanguage\":\"tr\"}]}<\/script>\n<!-- \/ Yoast SEO plugin. -->","yoast_head_json":{"title":"KADROMUZ - Bafra Kolay Aile Sa\u011fl\u0131\u011f\u0131 Merkezi","robots":{"index":"index","follow":"follow","max-snippet":"max-snippet:-1","max-image-preview":"max-image-preview:large","max-video-preview":"max-video-preview:-1"},"canonical":"https:\/\/www.bafrakolayasm.com\/?page_id=101","og_locale":"tr_TR","og_type":"article","og_title":"KADROMUZ - Bafra Kolay Aile Sa\u011fl\u0131\u011f\u0131 Merkezi","og_description":"HEK\u0130M Dr. Emre ALKAN &nbsp; &nbsp; A.S.E. &#8212;","og_url":"https:\/\/www.bafrakolayasm.com\/?page_id=101","og_site_name":"Bafra Kolay Aile Sa\u011fl\u0131\u011f\u0131 Merkezi","article_modified_time":"2024-04-02T07:45:55+00:00","og_image":[{"url":"https:\/\/www.bafrakolayasm.com\/wp-content\/uploads\/2024\/04\/IMG_4696-221x300.jpeg","type":"","width":"","height":""}],"twitter_card":"summary_large_image","schema":{"@context":"https:\/\/schema.org","@graph":[{"@type":"WebPage","@id":"https:\/\/www.bafrakolayasm.com\/?page_id=101","url":"https:\/\/www.bafrakolayasm.com\/?page_id=101","name":"KADROMUZ - Bafra Kolay Aile Sa\u011fl\u0131\u011f\u0131 Merkezi","isPartOf":{"@id":"https:\/\/www.bafrakolayasm.com\/#website"},"primaryImageOfPage":{"@id":"https:\/\/www.bafrakolayasm.com\/?page_id=101#primaryimage"},"image":{"@id":"https:\/\/www.bafrakolayasm.com\/?page_id=101#primaryimage"},"thumbnailUrl":"https:\/\/www.bafrakolayasm.com\/wp-content\/uploads\/2024\/04\/IMG_4696-221x300.jpeg","datePublished":"2017-09-19T17:03:33+00:00","dateModified":"2024-04-02T07:45:55+00:00","breadcrumb":{"@id":"https:\/\/www.bafrakolayasm.com\/?page_id=101#breadcrumb"},"inLanguage":"tr","potentialAction":[{"@type":"ReadAction","target":["https:\/\/www.bafrakolayasm.com\/?page_id=101"]}]},{"@type":"ImageObject","inLanguage":"tr","@id":"https:\/\/www.bafrakolayasm.com\/?page_id=101#primaryimage","url":"https:\/\/www.bafrakolayasm.com\/wp-content\/uploads\/2024\/04\/IMG_4696.jpeg","contentUrl":"https:\/\/www.bafrakolayasm.com\/wp-content\/uploads\/2024\/04\/IMG_4696.jpeg","width":992,"height":1346},{"@type":"BreadcrumbList","@id":"https:\/\/www.bafrakolayasm.com\/?page_id=101#breadcrumb","itemListElement":[{"@type":"ListItem","position":1,"name":"Anasayfa","item":"https:\/\/www.bafrakolayasm.com\/"},{"@type":"ListItem","position":2,"name":"KADROMUZ"}]},{"@type":"WebSite","@id":"https:\/\/www.bafrakolayasm.com\/#website","url":"https:\/\/www.bafrakolayasm.com\/","name":"Bafra Kolay Aile Sa\u011fl\u0131\u011f\u0131 Merkezi","description":"Samsun Bafra Kolay ASM","potentialAction":[{"@type":"SearchAction","target":{"@type":"EntryPoint","urlTemplate":"https:\/\/www.bafrakolayasm.com\/?s={search_term_string}"},"query-input":{"@type":"PropertyValueSpecification","valueRequired":true,"valueName":"search_term_string"}}],"inLanguage":"tr"}]}},"_links":{"self":[{"href":"https:\/\/www.bafrakolayasm.com\/index.php?rest_route=\/wp\/v2\/pages\/101","targetHints":{"allow":["GET"]}}],"collection":[{"href":"https:\/\/www.bafrakolayasm.com\/index.php?rest_route=\/wp\/v2\/pages"}],"about":[{"href":"https:\/\/www.bafrakolayasm.com\/index.php?rest_route=\/wp\/v2\/types\/page"}],"author":[{"embeddable":true,"href":"https:\/\/www.bafrakolayasm.com\/index.php?rest_route=\/wp\/v2\/users\/2"}],"replies":[{"embeddable":true,"href":"https:\/\/www.bafrakolayasm.com\/index.php?rest_route=%2Fwp%2Fv2%2Fcomments&post=101"}],"version-history":[{"count":11,"href":"https:\/\/www.bafrakolayasm.com\/index.php?rest_route=\/wp\/v2\/pages\/101\/revisions"}],"predecessor-version":[{"id":339,"href":"https:\/\/www.bafrakolayasm.com\/index.php?rest_route=\/wp\/v2\/pages\/101\/revisions\/339"}],"wp:attachment":[{"href":"https:\/\/www.bafrakolayasm.com\/index.php?rest_route=%2Fwp%2Fv2%2Fmedia&parent=101"}],"curies":[{"name":"wp","href":"https:\/\/api.w.org\/{rel}","templated":true}]}}